{"id":24,"date":"2023-03-16T15:45:14","date_gmt":"2023-03-16T15:45:14","guid":{"rendered":"https:\/\/tst.luckyclub.pt\/wp62\/home\/"},"modified":"2023-11-17T16:05:24","modified_gmt":"2023-11-17T16:05:24","slug":"home","status":"publish","type":"page","link":"https:\/\/tst.luckyclub.pt\/wp62\/","title":{"rendered":"Home"},"content":{"rendered":"\n\n\n<h4>O seu c\u00e3o apresenta algum destes<\/h4>\n<h2 style=\"color: rgb(219, 124, 0);\">comportamentos?<\/h2>\n\npuxa \u00e0 trela?\nladra excessivamente?\nsalta para as pessoas?\nr\u00f3i e estraga objetos em casa?\nfoge a qualquer oportunidade?\nn\u00e3o obedece \u00e0s ordens?\nn\u00e3o vem quando \u00e9 chamado?\n\u00e9 conflituoso com outros animais?\n\u00e9 agressivo com as pessoas?\n\n<h3 style=\"color: rgb(35, 45, 106); \">N\u00f3s podemos ajudar!<\/h3>\n\n\n\n\n\n\n\n\n\n\n\n\n\n<h4>Quem somos?<\/h4>\n<h2 style=\"color: rgb(35, 45, 106);\">O Lucky Club<\/h2>\n<p style=\"text-align: justify;\">O Lucky Club \u00e9 um Centro de Treino Canino focado em ensinar ao c\u00e3o e ao seu dono a viverem harmoniosamente e em Sociedade.&nbsp;<\/p><p style=\"text-align: justify;\">Mais do que uma escola para treinar c\u00e3es, \u00e9 um espa\u00e7o onde ajudamos o dono a perceber melhor o seu c\u00e3o e a comunicar eficazmente com o seu parceiro de quatro patas.<\/p>\n\n\n\n\n\n<h2 style=\"color: rgb(219, 124, 0);\">Os Nossos Servi\u00e7os<\/h2>\n\n\n<h5 style=\"color: rgb(35, 45, 106);\">Avalia\u00e7\u00e3o Inicial<\/h5>\n<p style=\"text-align: justify;\">Gostaria de saber como o podemos ajudar a resolver os problemas do seu c\u00e3o? Pode marcar um primeiro momento na nossa escola ou ao domic\u00edlio.<\/p>\n\n\n<h5 style=\"color: rgb(35, 45, 106);\">Aulas de Socializa\u00e7\u00e3o e Obedi\u00eancia<\/h5>\n<p style=\"text-align: justify;\">Treinos em grupo, onde refor\u00e7amos a liga\u00e7\u00e3o do c\u00e3o com o seu condutor preparando-os para os desafios e situa\u00e7\u00f5es do dia-a-dia, em casa e na via p\u00fablica.<br><\/p>\n\n\n<h5 style=\"color: rgb(35, 45, 106);\">Treinos Individuais<\/h5>\n<p style=\"text-align: justify;\">Sess\u00f5es particulares, pensadas para ensinar o dono a lidar com as necessidades espec\u00edficas do seu c\u00e3o, nas nossas instala\u00e7\u00f5es ou ao domic\u00edlio.<\/p>\n\n\n<h5 style=\"color: rgb(35, 45, 106);\">Dog Walking e Petsitting<\/h5>\n<p style=\"text-align: justify;\">A equipa do Lucky Club ajuda a garantir que o seu c\u00e3o tem passeios de qualidade na sua aus\u00eancia.<br><\/p>\n\n\n<h5 style=\"color: rgb(35, 45, 106);\">Regime Interno<\/h5>\n<p style=\"text-align: justify;\">Nem sempre \u00e9 poss\u00edvel ao dono gerir os problemas do seu c\u00e3o. Nestes casos, o seu c\u00e3o fica aos cuidados do Lucky Club onde \u00e9 treinado especificamente por n\u00f3s!<\/p>\n\n\n<h5 style=\"color: rgb(35, 45, 106);\">Alojamento canino<\/h5>\n<p style=\"text-align: justify;\">Na sua aus\u00eancia, pode requisitar o nosso servi\u00e7o de alojamento completamente ajustado \u00e0s necessidades do seu c\u00e3o.<\/p>\n\n\n\n\n\n\n\n<h4 style=\"color: rgb(35, 45, 106);\">C\u00e3es felizes = fam\u00edlias felizes<\/h4>\n<h2 style=\"color: rgb(219, 124, 0);\">#luckydogs<\/h2>\n<p style=\"text-align: justify;\"><span >No Lucky Club, mais do que ensinarmos a os nossos c\u00e3es a serem obedientes, aprendemos como eles podem ser c\u00e3es mais felizes.<\/span><br><\/p>\n\n\n\n\n\n\n","protected":false},"excerpt":{"rendered":"","protected":false},"author":0,"featured_media":0,"parent":0,"menu_order":0,"comment_status":"closed","ping_status":"closed","template":"","meta":[],"yoast_head":"<!-- This site is optimized with the Yoast SEO plugin v20.12 - https:\/\/yoast.com\/wordpress\/plugins\/seo\/ -->\n<title>Home | Lucky Club<\/title>\n<meta name=\"robots\" content=\"index, follow, max-snippet:-1, max-image-preview:large, max-video-preview:-1\" \/>\n<link rel=\"canonical\" href=\"https:\/\/tst.luckyclub.pt\/wp62\/\" \/>\n<meta property=\"og:locale\" content=\"pt_PT\" \/>\n<meta property=\"og:type\" content=\"article\" \/>\n<meta property=\"og:title\" content=\"Home | Lucky Club\" \/>\n<meta property=\"og:url\" content=\"https:\/\/tst.luckyclub.pt\/wp62\/\" \/>\n<meta property=\"og:site_name\" content=\"Lucky Club\" \/>\n<meta property=\"article:publisher\" content=\"https:\/\/www.facebook.com\/centroluckyclub\" \/>\n<meta property=\"article:modified_time\" content=\"2023-11-17T16:05:24+00:00\" \/>\n<meta property=\"og:image\" content=\"https:\/\/i0.wp.com\/tst.luckyclub.pt\/wp62\/wp-content\/uploads\/2023\/06\/6BFE7754-FE88-4446-912B-8EE903050141-scaled.jpeg?fit=2560%2C2560&ssl=1\" \/>\n\t<meta property=\"og:image:width\" content=\"2560\" \/>\n\t<meta property=\"og:image:height\" content=\"2560\" \/>\n\t<meta property=\"og:image:type\" content=\"image\/jpeg\" \/>\n<meta name=\"twitter:card\" content=\"summary_large_image\" \/>\n<meta name=\"twitter:label1\" content=\"Tempo estimado de leitura\" \/>\n\t<meta name=\"twitter:data1\" content=\"2 minutos\" \/>\n<script type=\"application\/ld+json\" class=\"yoast-schema-graph\">{\"@context\":\"https:\/\/schema.org\",\"@graph\":[{\"@type\":\"WebPage\",\"@id\":\"https:\/\/tst.luckyclub.pt\/wp62\/\",\"url\":\"https:\/\/tst.luckyclub.pt\/wp62\/\",\"name\":\"Home | Lucky Club\",\"isPartOf\":{\"@id\":\"https:\/\/tst.luckyclub.pt\/wp62\/#website\"},\"datePublished\":\"2023-03-16T15:45:14+00:00\",\"dateModified\":\"2023-11-17T16:05:24+00:00\",\"breadcrumb\":{\"@id\":\"https:\/\/tst.luckyclub.pt\/wp62\/#breadcrumb\"},\"inLanguage\":\"pt-PT\",\"potentialAction\":[{\"@type\":\"ReadAction\",\"target\":[\"https:\/\/tst.luckyclub.pt\/wp62\/\"]}]},{\"@type\":\"BreadcrumbList\",\"@id\":\"https:\/\/tst.luckyclub.pt\/wp62\/#breadcrumb\",\"itemListElement\":[{\"@type\":\"ListItem\",\"position\":1,\"name\":\"In\u00edcio\",\"item\":\"https:\/\/tst.luckyclub.pt\/wp62\/\"},{\"@type\":\"ListItem\",\"position\":2,\"name\":\"Home\"}]},{\"@type\":\"WebSite\",\"@id\":\"https:\/\/tst.luckyclub.pt\/wp62\/#website\",\"url\":\"https:\/\/tst.luckyclub.pt\/wp62\/\",\"name\":\"Lucky Club | Centro canino\",\"description\":\"Centro canino\",\"publisher\":{\"@id\":\"https:\/\/tst.luckyclub.pt\/wp62\/#organization\"},\"alternateName\":\"Lucky Club\",\"potentialAction\":[{\"@type\":\"SearchAction\",\"target\":{\"@type\":\"EntryPoint\",\"urlTemplate\":\"https:\/\/tst.luckyclub.pt\/wp62\/?s={search_term_string}\"},\"query-input\":\"required name=search_term_string\"}],\"inLanguage\":\"pt-PT\"},{\"@type\":\"Organization\",\"@id\":\"https:\/\/tst.luckyclub.pt\/wp62\/#organization\",\"name\":\"Lucky Club\",\"alternateName\":\"Lucky Club | Centro canino\",\"url\":\"https:\/\/tst.luckyclub.pt\/wp62\/\",\"logo\":{\"@type\":\"ImageObject\",\"inLanguage\":\"pt-PT\",\"@id\":\"https:\/\/tst.luckyclub.pt\/wp62\/#\/schema\/logo\/image\/\",\"url\":\"https:\/\/tst.luckyclub.pt\/wp62\/wp-content\/uploads\/2023\/03\/NOVO_LOGO_Luckyclub_2_WHITE.png\",\"contentUrl\":\"https:\/\/tst.luckyclub.pt\/wp62\/wp-content\/uploads\/2023\/03\/NOVO_LOGO_Luckyclub_2_WHITE.png\",\"width\":3068,\"height\":3159,\"caption\":\"Lucky Club\"},\"image\":{\"@id\":\"https:\/\/tst.luckyclub.pt\/wp62\/#\/schema\/logo\/image\/\"},\"sameAs\":[\"https:\/\/www.facebook.com\/centroluckyclub\",\"https:\/\/www.instagram.com\/andre_leite_treino_canino\/\",\"https:\/\/www.instagram.com\/luckystore_andre_leite\/\"]}]}<\/script>\n<!-- \/ Yoast SEO plugin. -->","yoast_head_json":{"title":"Home | Lucky Club","robots":{"index":"index","follow":"follow","max-snippet":"max-snippet:-1","max-image-preview":"max-image-preview:large","max-video-preview":"max-video-preview:-1"},"canonical":"https:\/\/tst.luckyclub.pt\/wp62\/","og_locale":"pt_PT","og_type":"article","og_title":"Home | Lucky Club","og_url":"https:\/\/tst.luckyclub.pt\/wp62\/","og_site_name":"Lucky Club","article_publisher":"https:\/\/www.facebook.com\/centroluckyclub","article_modified_time":"2023-11-17T16:05:24+00:00","og_image":[{"width":2560,"height":2560,"url":"https:\/\/i0.wp.com\/tst.luckyclub.pt\/wp62\/wp-content\/uploads\/2023\/06\/6BFE7754-FE88-4446-912B-8EE903050141-scaled.jpeg?fit=2560%2C2560&ssl=1","type":"image\/jpeg"}],"twitter_card":"summary_large_image","twitter_misc":{"Tempo estimado de leitura":"2 minutos"},"schema":{"@context":"https:\/\/schema.org","@graph":[{"@type":"WebPage","@id":"https:\/\/tst.luckyclub.pt\/wp62\/","url":"https:\/\/tst.luckyclub.pt\/wp62\/","name":"Home | Lucky Club","isPartOf":{"@id":"https:\/\/tst.luckyclub.pt\/wp62\/#website"},"datePublished":"2023-03-16T15:45:14+00:00","dateModified":"2023-11-17T16:05:24+00:00","breadcrumb":{"@id":"https:\/\/tst.luckyclub.pt\/wp62\/#breadcrumb"},"inLanguage":"pt-PT","potentialAction":[{"@type":"ReadAction","target":["https:\/\/tst.luckyclub.pt\/wp62\/"]}]},{"@type":"BreadcrumbList","@id":"https:\/\/tst.luckyclub.pt\/wp62\/#breadcrumb","itemListElement":[{"@type":"ListItem","position":1,"name":"In\u00edcio","item":"https:\/\/tst.luckyclub.pt\/wp62\/"},{"@type":"ListItem","position":2,"name":"Home"}]},{"@type":"WebSite","@id":"https:\/\/tst.luckyclub.pt\/wp62\/#website","url":"https:\/\/tst.luckyclub.pt\/wp62\/","name":"Lucky Club | Centro canino","description":"Centro canino","publisher":{"@id":"https:\/\/tst.luckyclub.pt\/wp62\/#organization"},"alternateName":"Lucky Club","potentialAction":[{"@type":"SearchAction","target":{"@type":"EntryPoint","urlTemplate":"https:\/\/tst.luckyclub.pt\/wp62\/?s={search_term_string}"},"query-input":"required name=search_term_string"}],"inLanguage":"pt-PT"},{"@type":"Organization","@id":"https:\/\/tst.luckyclub.pt\/wp62\/#organization","name":"Lucky Club","alternateName":"Lucky Club | Centro canino","url":"https:\/\/tst.luckyclub.pt\/wp62\/","logo":{"@type":"ImageObject","inLanguage":"pt-PT","@id":"https:\/\/tst.luckyclub.pt\/wp62\/#\/schema\/logo\/image\/","url":"https:\/\/tst.luckyclub.pt\/wp62\/wp-content\/uploads\/2023\/03\/NOVO_LOGO_Luckyclub_2_WHITE.png","contentUrl":"https:\/\/tst.luckyclub.pt\/wp62\/wp-content\/uploads\/2023\/03\/NOVO_LOGO_Luckyclub_2_WHITE.png","width":3068,"height":3159,"caption":"Lucky Club"},"image":{"@id":"https:\/\/tst.luckyclub.pt\/wp62\/#\/schema\/logo\/image\/"},"sameAs":["https:\/\/www.facebook.com\/centroluckyclub","https:\/\/www.instagram.com\/andre_leite_treino_canino\/","https:\/\/www.instagram.com\/luckystore_andre_leite\/"]}]}},"_links":{"self":[{"href":"https:\/\/tst.luckyclub.pt\/wp62\/wp-json\/wp\/v2\/pages\/24"}],"collection":[{"href":"https:\/\/tst.luckyclub.pt\/wp62\/wp-json\/wp\/v2\/pages"}],"about":[{"href":"https:\/\/tst.luckyclub.pt\/wp62\/wp-json\/wp\/v2\/types\/page"}],"replies":[{"embeddable":true,"href":"https:\/\/tst.luckyclub.pt\/wp62\/wp-json\/wp\/v2\/comments?post=24"}],"version-history":[{"count":87,"href":"https:\/\/tst.luckyclub.pt\/wp62\/wp-json\/wp\/v2\/pages\/24\/revisions"}],"predecessor-version":[{"id":419,"href":"https:\/\/tst.luckyclub.pt\/wp62\/wp-json\/wp\/v2\/pages\/24\/revisions\/419"}],"wp:attachment":[{"href":"https:\/\/tst.luckyclub.pt\/wp62\/wp-json\/wp\/v2\/media?parent=24"}],"curies":[{"name":"wp","href":"https:\/\/api.w.org\/{rel}","templated":true}]}}