{"id":22,"date":"2023-03-16T15:45:14","date_gmt":"2023-03-16T15:45:14","guid":{"rendered":"https:\/\/tst.luckyclub.pt\/wp62\/about\/"},"modified":"2023-06-16T12:19:41","modified_gmt":"2023-06-16T12:19:41","slug":"sobre","status":"publish","type":"page","link":"https:\/\/tst.luckyclub.pt\/wp62\/sobre\/","title":{"rendered":"Sobre n\u00f3s"},"content":{"rendered":"\n\n\n\n\n<h1 style=\"color: rgb(219, 124, 0);\">Quem \u00e9 o Lucky Club?<\/h1>\n\n\n\n\n<p style=\"text-align: justify;\">O Lucky Club \u00e9 um centro canino, reconhecido pelo Clube Portugu\u00eas de Canicultura. Foi fundado em 1998 com mais de 2000m<sup>2<\/sup> de espa\u00e7o de treino. Para al\u00e9m de um extenso relvado, o Lucky Club tem tamb\u00e9m uma zona de lazer e conv\u00edvio com bar, escrit\u00f3rio, WC e estacionamento gratuito dentro das instala\u00e7\u00f5es do clube.<\/p>\n\n\n<p style=\"text-align: justify;\"><span style=\"background-color: rgb(255, 255, 255);\">H\u00e1 mais de 20 anos que donos e fam\u00edlias procuram o Lucky Club para treinar os seus c\u00e3es. \u00c9 uma escola de treino canino, vocacionada para o comportamento canino e na integra\u00e7\u00e3o do c\u00e3o na sociedade, recebendo c\u00e3es das mais variadas ra\u00e7as, tamanhos e idades.<\/span><br><\/p>\n\n\n\n\n\n\n\n\n\n\n\n\n\n\n<p style=\"text-align: justify;\">Para al\u00e9m da vertente civil, o Lucky Club est\u00e1 presente no desporto canino, desde sempre representado em campeonatos de Agility, IGP (Internationale Gebrauchshunde Pr\u00fcfungsordnung), entre outros. <\/p>\n\n\n<p style=\"text-align: justify;\">Temos neste momento uma equipa de treino desportivo no ativo que contempla os mais variados c\u00e3es, desde pastores alem\u00e3es, a pastores belgas malinois, dobermans, dalmatas e border collies.<br><\/p>\n\n\n\n\n\n\n\n<h2 style=\"color: rgb(35, 45, 106);\">Treinador Andr\u00e9 Leite<\/h2>\n\n\n<p style=\"text-align: justify;\">Em 1999, o Andr\u00e9 procurou o Lucky Club para treinar o seu labrador Oscar, que levou a competir em Agility em 2001. Come\u00e7ou a treinar IGP com a Aika (pastor alem\u00e3o) concluindo os 4 n\u00edveis (BH\/VT, IGP1, IGP2 e IGP3) e posteriormente competindo em Ta\u00e7as de Portugal e Ta\u00e7as de Pistagem.<\/p>\n\n\n<p style=\"text-align: justify;\">Ap\u00f3s a Aika, participou no IGP maioritariamente com pastores belgas malinois:<\/p>\n\n\n<p style=\"text-align: justify;\"><\/p><ul style=\"margin-left: 32px\"><li style=\"text-align: justify;\">CHAKA (BIG) participou em Ta\u00e7as de Portugal e na FMBB2016 campeonato do Mundo;&nbsp;<\/li><li style=\"text-align: justify;\">PITT participou em Ta\u00e7as de Portugal e Ta\u00e7as de Pistagem;&nbsp;<\/li><li style=\"text-align: justify;\">Coca (Spitting Fire&#8217;s Carbono) no ativo no momento, tendo conclu\u00eddo o IGP3 em 2023.<\/li><\/ul>\n\n\n<p style=\"text-align: justify;\">Para al\u00e9m dos seus pr\u00f3prios c\u00e3es, Andr\u00e9 preparou c\u00e3es para testes de sociabilidade, BH\/VT, ZTP&#8217;s, COB e CORUM.<\/p>\n\n\n\n\n\n\n\n\n\n\n\n<h2 style=\"color: rgb(255, 153, 0);\">Kennel Casa Nova do Rio<\/h2>\n\n\n\n\n<p style=\"text-align: justify;\">O Andr\u00e9 \u00e9 um criador registado, sob o afixo Kennel Casa Nova do Rio, direcionado para as ra\u00e7as de Presa Can\u00e1rio, Schnauzer miniatura e Pastor Alem\u00e3o (linhas de trabalho), chegando a criar ao todo 13 ninhadas at\u00e9 ao momento.<\/p>\n\n\n\n\n<h4 style=\"color: rgb(35, 45, 106);\">Algumas Das Nossas Ninhadas<\/h4>\n\n\n\n\n\n\n\n\n\n\n\n\n\n<h2>Arena<\/h2>\n\n\n<p>2 ninhadas<\/p>\n\n\n\n\n\n\n\n\n\n\n\n\n<h2>Schnauzers<\/h2>\n\n\n<p>7 ninhadas<\/p>\n\n\n\n\n\n\n\n\n\n\n\n\n\n\n<h2>Preta<\/h2>\n\n\n<p>2 ninhadas<\/p>\n\n\n\n\n\n\n\n\n\n\n\n\n<h2>China<\/h2>\n\n\n<p>1 ninhada&nbsp;<\/p>\n\n\n\n\n\n\n\n\n\n\n\n\n","protected":false},"excerpt":{"rendered":"","protected":false},"author":0,"featured_media":0,"parent":0,"menu_order":3,"comment_status":"closed","ping_status":"closed","template":"","meta":[],"yoast_head":"<!-- This site is optimized with the Yoast SEO plugin v20.12 - https:\/\/yoast.com\/wordpress\/plugins\/seo\/ -->\n<title>Sobre n\u00f3s | Lucky Club<\/title>\n<meta name=\"robots\" content=\"index, follow, max-snippet:-1, max-image-preview:large, max-video-preview:-1\" \/>\n<link rel=\"canonical\" href=\"https:\/\/tst.luckyclub.pt\/wp62\/sobre\/\" \/>\n<meta property=\"og:locale\" content=\"pt_PT\" \/>\n<meta property=\"og:type\" content=\"article\" \/>\n<meta property=\"og:title\" content=\"Sobre n\u00f3s | Lucky Club\" \/>\n<meta property=\"og:url\" content=\"https:\/\/tst.luckyclub.pt\/wp62\/sobre\/\" \/>\n<meta property=\"og:site_name\" content=\"Lucky Club\" \/>\n<meta property=\"article:publisher\" content=\"https:\/\/www.facebook.com\/centroluckyclub\" \/>\n<meta property=\"article:modified_time\" content=\"2023-06-16T12:19:41+00:00\" \/>\n<meta property=\"og:image\" content=\"https:\/\/i0.wp.com\/tst.luckyclub.pt\/wp62\/wp-content\/uploads\/2023\/06\/6BFE7754-FE88-4446-912B-8EE903050141-scaled.jpeg?fit=2560%2C2560&ssl=1\" \/>\n\t<meta property=\"og:image:width\" content=\"2560\" \/>\n\t<meta property=\"og:image:height\" content=\"2560\" \/>\n\t<meta property=\"og:image:type\" content=\"image\/jpeg\" \/>\n<meta name=\"twitter:card\" content=\"summary_large_image\" \/>\n<meta name=\"twitter:label1\" content=\"Tempo estimado de leitura\" \/>\n\t<meta name=\"twitter:data1\" content=\"2 minutos\" \/>\n<script type=\"application\/ld+json\" class=\"yoast-schema-graph\">{\"@context\":\"https:\/\/schema.org\",\"@graph\":[{\"@type\":\"WebPage\",\"@id\":\"https:\/\/tst.luckyclub.pt\/wp62\/sobre\/\",\"url\":\"https:\/\/tst.luckyclub.pt\/wp62\/sobre\/\",\"name\":\"Sobre n\u00f3s | Lucky Club\",\"isPartOf\":{\"@id\":\"https:\/\/tst.luckyclub.pt\/wp62\/#website\"},\"datePublished\":\"2023-03-16T15:45:14+00:00\",\"dateModified\":\"2023-06-16T12:19:41+00:00\",\"breadcrumb\":{\"@id\":\"https:\/\/tst.luckyclub.pt\/wp62\/sobre\/#breadcrumb\"},\"inLanguage\":\"pt-PT\",\"potentialAction\":[{\"@type\":\"ReadAction\",\"target\":[\"https:\/\/tst.luckyclub.pt\/wp62\/sobre\/\"]}]},{\"@type\":\"BreadcrumbList\",\"@id\":\"https:\/\/tst.luckyclub.pt\/wp62\/sobre\/#breadcrumb\",\"itemListElement\":[{\"@type\":\"ListItem\",\"position\":1,\"name\":\"In\u00edcio\",\"item\":\"https:\/\/tst.luckyclub.pt\/wp62\/\"},{\"@type\":\"ListItem\",\"position\":2,\"name\":\"Sobre n\u00f3s\"}]},{\"@type\":\"WebSite\",\"@id\":\"https:\/\/tst.luckyclub.pt\/wp62\/#website\",\"url\":\"https:\/\/tst.luckyclub.pt\/wp62\/\",\"name\":\"Lucky Club | Centro canino\",\"description\":\"Centro canino\",\"publisher\":{\"@id\":\"https:\/\/tst.luckyclub.pt\/wp62\/#organization\"},\"alternateName\":\"Lucky Club\",\"potentialAction\":[{\"@type\":\"SearchAction\",\"target\":{\"@type\":\"EntryPoint\",\"urlTemplate\":\"https:\/\/tst.luckyclub.pt\/wp62\/?s={search_term_string}\"},\"query-input\":\"required name=search_term_string\"}],\"inLanguage\":\"pt-PT\"},{\"@type\":\"Organization\",\"@id\":\"https:\/\/tst.luckyclub.pt\/wp62\/#organization\",\"name\":\"Lucky Club\",\"alternateName\":\"Lucky Club | Centro canino\",\"url\":\"https:\/\/tst.luckyclub.pt\/wp62\/\",\"logo\":{\"@type\":\"ImageObject\",\"inLanguage\":\"pt-PT\",\"@id\":\"https:\/\/tst.luckyclub.pt\/wp62\/#\/schema\/logo\/image\/\",\"url\":\"https:\/\/tst.luckyclub.pt\/wp62\/wp-content\/uploads\/2023\/03\/NOVO_LOGO_Luckyclub_2_WHITE.png\",\"contentUrl\":\"https:\/\/tst.luckyclub.pt\/wp62\/wp-content\/uploads\/2023\/03\/NOVO_LOGO_Luckyclub_2_WHITE.png\",\"width\":3068,\"height\":3159,\"caption\":\"Lucky Club\"},\"image\":{\"@id\":\"https:\/\/tst.luckyclub.pt\/wp62\/#\/schema\/logo\/image\/\"},\"sameAs\":[\"https:\/\/www.facebook.com\/centroluckyclub\",\"https:\/\/www.instagram.com\/andre_leite_treino_canino\/\",\"https:\/\/www.instagram.com\/luckystore_andre_leite\/\"]}]}<\/script>\n<!-- \/ Yoast SEO plugin. -->","yoast_head_json":{"title":"Sobre n\u00f3s | Lucky Club","robots":{"index":"index","follow":"follow","max-snippet":"max-snippet:-1","max-image-preview":"max-image-preview:large","max-video-preview":"max-video-preview:-1"},"canonical":"https:\/\/tst.luckyclub.pt\/wp62\/sobre\/","og_locale":"pt_PT","og_type":"article","og_title":"Sobre n\u00f3s | Lucky Club","og_url":"https:\/\/tst.luckyclub.pt\/wp62\/sobre\/","og_site_name":"Lucky Club","article_publisher":"https:\/\/www.facebook.com\/centroluckyclub","article_modified_time":"2023-06-16T12:19:41+00:00","og_image":[{"width":2560,"height":2560,"url":"https:\/\/i0.wp.com\/tst.luckyclub.pt\/wp62\/wp-content\/uploads\/2023\/06\/6BFE7754-FE88-4446-912B-8EE903050141-scaled.jpeg?fit=2560%2C2560&ssl=1","type":"image\/jpeg"}],"twitter_card":"summary_large_image","twitter_misc":{"Tempo estimado de leitura":"2 minutos"},"schema":{"@context":"https:\/\/schema.org","@graph":[{"@type":"WebPage","@id":"https:\/\/tst.luckyclub.pt\/wp62\/sobre\/","url":"https:\/\/tst.luckyclub.pt\/wp62\/sobre\/","name":"Sobre n\u00f3s | Lucky Club","isPartOf":{"@id":"https:\/\/tst.luckyclub.pt\/wp62\/#website"},"datePublished":"2023-03-16T15:45:14+00:00","dateModified":"2023-06-16T12:19:41+00:00","breadcrumb":{"@id":"https:\/\/tst.luckyclub.pt\/wp62\/sobre\/#breadcrumb"},"inLanguage":"pt-PT","potentialAction":[{"@type":"ReadAction","target":["https:\/\/tst.luckyclub.pt\/wp62\/sobre\/"]}]},{"@type":"BreadcrumbList","@id":"https:\/\/tst.luckyclub.pt\/wp62\/sobre\/#breadcrumb","itemListElement":[{"@type":"ListItem","position":1,"name":"In\u00edcio","item":"https:\/\/tst.luckyclub.pt\/wp62\/"},{"@type":"ListItem","position":2,"name":"Sobre n\u00f3s"}]},{"@type":"WebSite","@id":"https:\/\/tst.luckyclub.pt\/wp62\/#website","url":"https:\/\/tst.luckyclub.pt\/wp62\/","name":"Lucky Club | Centro canino","description":"Centro canino","publisher":{"@id":"https:\/\/tst.luckyclub.pt\/wp62\/#organization"},"alternateName":"Lucky Club","potentialAction":[{"@type":"SearchAction","target":{"@type":"EntryPoint","urlTemplate":"https:\/\/tst.luckyclub.pt\/wp62\/?s={search_term_string}"},"query-input":"required name=search_term_string"}],"inLanguage":"pt-PT"},{"@type":"Organization","@id":"https:\/\/tst.luckyclub.pt\/wp62\/#organization","name":"Lucky Club","alternateName":"Lucky Club | Centro canino","url":"https:\/\/tst.luckyclub.pt\/wp62\/","logo":{"@type":"ImageObject","inLanguage":"pt-PT","@id":"https:\/\/tst.luckyclub.pt\/wp62\/#\/schema\/logo\/image\/","url":"https:\/\/tst.luckyclub.pt\/wp62\/wp-content\/uploads\/2023\/03\/NOVO_LOGO_Luckyclub_2_WHITE.png","contentUrl":"https:\/\/tst.luckyclub.pt\/wp62\/wp-content\/uploads\/2023\/03\/NOVO_LOGO_Luckyclub_2_WHITE.png","width":3068,"height":3159,"caption":"Lucky Club"},"image":{"@id":"https:\/\/tst.luckyclub.pt\/wp62\/#\/schema\/logo\/image\/"},"sameAs":["https:\/\/www.facebook.com\/centroluckyclub","https:\/\/www.instagram.com\/andre_leite_treino_canino\/","https:\/\/www.instagram.com\/luckystore_andre_leite\/"]}]}},"_links":{"self":[{"href":"https:\/\/tst.luckyclub.pt\/wp62\/wp-json\/wp\/v2\/pages\/22"}],"collection":[{"href":"https:\/\/tst.luckyclub.pt\/wp62\/wp-json\/wp\/v2\/pages"}],"about":[{"href":"https:\/\/tst.luckyclub.pt\/wp62\/wp-json\/wp\/v2\/types\/page"}],"replies":[{"embeddable":true,"href":"https:\/\/tst.luckyclub.pt\/wp62\/wp-json\/wp\/v2\/comments?post=22"}],"version-history":[{"count":41,"href":"https:\/\/tst.luckyclub.pt\/wp62\/wp-json\/wp\/v2\/pages\/22\/revisions"}],"predecessor-version":[{"id":404,"href":"https:\/\/tst.luckyclub.pt\/wp62\/wp-json\/wp\/v2\/pages\/22\/revisions\/404"}],"wp:attachment":[{"href":"https:\/\/tst.luckyclub.pt\/wp62\/wp-json\/wp\/v2\/media?parent=22"}],"curies":[{"name":"wp","href":"https:\/\/api.w.org\/{rel}","templated":true}]}}