{"id":120,"date":"2023-03-20T15:31:05","date_gmt":"2023-03-20T15:31:05","guid":{"rendered":"https:\/\/tst.luckyclub.pt\/wp62\/?page_id=120"},"modified":"2023-06-15T19:46:56","modified_gmt":"2023-06-15T19:46:56","slug":"faqs","status":"publish","type":"page","link":"https:\/\/tst.luckyclub.pt\/wp62\/faqs\/","title":{"rendered":"FAQs"},"content":{"rendered":"\n\n\n<h1 style=\"color: rgb(219, 124, 0);\">FAQS<\/h1>\n\n\n\n\n\n\n\n\n\nNo ato de inscri\u00e7\u00e3o \u00e9 necess\u00e1rio o boletim de vacinas, cumprir o plano de vacina\u00e7\u00e3o (incluindo a vacina da Tosse do Canil)\n\n\n\n\n\n\n4 meses (com o plano de vacina\u00e7\u00e3o completo)\n\n\n\n\n\n\nAntes de qualquer c\u00e3o ser introduzido na turma, este \u00e9 submetido a uma avalia\u00e7\u00e3o comportamental.\n\n\n\n\n\n\nO Lucky Club n\u00e3o est\u00e1 creditado para treinar c\u00e3es de ra\u00e7as potencialmente perigosas, nomeadamente:\n<p><ul><li>C\u00e3o de fila brasileiro<\/li><li>Dogue argentino<\/li><li>Pit bull terrier<\/li><li>Rottweiller<\/li><li>Staffordshire terrier americano<\/li><li>Staffordshire Bull Terrier<\/li><li>Tosa Inu<\/li><\/ul><\/p>\n\n\n\n\n\n\nDeve trazer o material adequado para treinar o seu c\u00e3o, desde coleira, trela e recompensas adequadas especificamente para o seu c\u00e3o (assim como uma bolsa ou casaco\/colete com bolso para colocar as recompensas)\n\n\n\n\n\n\n\n","protected":false},"excerpt":{"rendered":"","protected":false},"author":1,"featured_media":0,"parent":0,"menu_order":0,"comment_status":"closed","ping_status":"closed","template":"","meta":[],"yoast_head":"<!-- This site is optimized with the Yoast SEO plugin v20.12 - https:\/\/yoast.com\/wordpress\/plugins\/seo\/ -->\n<title>FAQs | Lucky Club<\/title>\n<meta name=\"robots\" content=\"index, follow, max-snippet:-1, max-image-preview:large, max-video-preview:-1\" \/>\n<link rel=\"canonical\" href=\"https:\/\/tst.luckyclub.pt\/wp62\/faqs\/\" \/>\n<meta property=\"og:locale\" content=\"pt_PT\" \/>\n<meta property=\"og:type\" content=\"article\" \/>\n<meta property=\"og:title\" content=\"FAQs | Lucky Club\" \/>\n<meta property=\"og:url\" content=\"https:\/\/tst.luckyclub.pt\/wp62\/faqs\/\" \/>\n<meta property=\"og:site_name\" content=\"Lucky Club\" \/>\n<meta property=\"article:publisher\" content=\"https:\/\/www.facebook.com\/centroluckyclub\" \/>\n<meta property=\"article:modified_time\" content=\"2023-06-15T19:46:56+00:00\" \/>\n<meta property=\"og:image\" content=\"https:\/\/i0.wp.com\/tst.luckyclub.pt\/wp62\/wp-content\/uploads\/2023\/06\/6BFE7754-FE88-4446-912B-8EE903050141-scaled.jpeg?fit=2560%2C2560&ssl=1\" \/>\n\t<meta property=\"og:image:width\" content=\"2560\" \/>\n\t<meta property=\"og:image:height\" content=\"2560\" \/>\n\t<meta property=\"og:image:type\" content=\"image\/jpeg\" \/>\n<meta name=\"twitter:card\" content=\"summary_large_image\" \/>\n<meta name=\"twitter:label1\" content=\"Tempo estimado de leitura\" \/>\n\t<meta name=\"twitter:data1\" content=\"1 minuto\" \/>\n<script type=\"application\/ld+json\" class=\"yoast-schema-graph\">{\"@context\":\"https:\/\/schema.org\",\"@graph\":[{\"@type\":\"WebPage\",\"@id\":\"https:\/\/tst.luckyclub.pt\/wp62\/faqs\/\",\"url\":\"https:\/\/tst.luckyclub.pt\/wp62\/faqs\/\",\"name\":\"FAQs | Lucky Club\",\"isPartOf\":{\"@id\":\"https:\/\/tst.luckyclub.pt\/wp62\/#website\"},\"datePublished\":\"2023-03-20T15:31:05+00:00\",\"dateModified\":\"2023-06-15T19:46:56+00:00\",\"breadcrumb\":{\"@id\":\"https:\/\/tst.luckyclub.pt\/wp62\/faqs\/#breadcrumb\"},\"inLanguage\":\"pt-PT\",\"potentialAction\":[{\"@type\":\"ReadAction\",\"target\":[\"https:\/\/tst.luckyclub.pt\/wp62\/faqs\/\"]}]},{\"@type\":\"BreadcrumbList\",\"@id\":\"https:\/\/tst.luckyclub.pt\/wp62\/faqs\/#breadcrumb\",\"itemListElement\":[{\"@type\":\"ListItem\",\"position\":1,\"name\":\"In\u00edcio\",\"item\":\"https:\/\/tst.luckyclub.pt\/wp62\/\"},{\"@type\":\"ListItem\",\"position\":2,\"name\":\"FAQs\"}]},{\"@type\":\"WebSite\",\"@id\":\"https:\/\/tst.luckyclub.pt\/wp62\/#website\",\"url\":\"https:\/\/tst.luckyclub.pt\/wp62\/\",\"name\":\"Lucky Club | Centro canino\",\"description\":\"Centro canino\",\"publisher\":{\"@id\":\"https:\/\/tst.luckyclub.pt\/wp62\/#organization\"},\"alternateName\":\"Lucky Club\",\"potentialAction\":[{\"@type\":\"SearchAction\",\"target\":{\"@type\":\"EntryPoint\",\"urlTemplate\":\"https:\/\/tst.luckyclub.pt\/wp62\/?s={search_term_string}\"},\"query-input\":\"required name=search_term_string\"}],\"inLanguage\":\"pt-PT\"},{\"@type\":\"Organization\",\"@id\":\"https:\/\/tst.luckyclub.pt\/wp62\/#organization\",\"name\":\"Lucky Club\",\"alternateName\":\"Lucky Club | Centro canino\",\"url\":\"https:\/\/tst.luckyclub.pt\/wp62\/\",\"logo\":{\"@type\":\"ImageObject\",\"inLanguage\":\"pt-PT\",\"@id\":\"https:\/\/tst.luckyclub.pt\/wp62\/#\/schema\/logo\/image\/\",\"url\":\"https:\/\/tst.luckyclub.pt\/wp62\/wp-content\/uploads\/2023\/03\/NOVO_LOGO_Luckyclub_2_WHITE.png\",\"contentUrl\":\"https:\/\/tst.luckyclub.pt\/wp62\/wp-content\/uploads\/2023\/03\/NOVO_LOGO_Luckyclub_2_WHITE.png\",\"width\":3068,\"height\":3159,\"caption\":\"Lucky Club\"},\"image\":{\"@id\":\"https:\/\/tst.luckyclub.pt\/wp62\/#\/schema\/logo\/image\/\"},\"sameAs\":[\"https:\/\/www.facebook.com\/centroluckyclub\",\"https:\/\/www.instagram.com\/andre_leite_treino_canino\/\",\"https:\/\/www.instagram.com\/luckystore_andre_leite\/\"]}]}<\/script>\n<!-- \/ Yoast SEO plugin. -->","yoast_head_json":{"title":"FAQs | Lucky Club","robots":{"index":"index","follow":"follow","max-snippet":"max-snippet:-1","max-image-preview":"max-image-preview:large","max-video-preview":"max-video-preview:-1"},"canonical":"https:\/\/tst.luckyclub.pt\/wp62\/faqs\/","og_locale":"pt_PT","og_type":"article","og_title":"FAQs | Lucky Club","og_url":"https:\/\/tst.luckyclub.pt\/wp62\/faqs\/","og_site_name":"Lucky Club","article_publisher":"https:\/\/www.facebook.com\/centroluckyclub","article_modified_time":"2023-06-15T19:46:56+00:00","og_image":[{"width":2560,"height":2560,"url":"https:\/\/i0.wp.com\/tst.luckyclub.pt\/wp62\/wp-content\/uploads\/2023\/06\/6BFE7754-FE88-4446-912B-8EE903050141-scaled.jpeg?fit=2560%2C2560&ssl=1","type":"image\/jpeg"}],"twitter_card":"summary_large_image","twitter_misc":{"Tempo estimado de leitura":"1 minuto"},"schema":{"@context":"https:\/\/schema.org","@graph":[{"@type":"WebPage","@id":"https:\/\/tst.luckyclub.pt\/wp62\/faqs\/","url":"https:\/\/tst.luckyclub.pt\/wp62\/faqs\/","name":"FAQs | Lucky Club","isPartOf":{"@id":"https:\/\/tst.luckyclub.pt\/wp62\/#website"},"datePublished":"2023-03-20T15:31:05+00:00","dateModified":"2023-06-15T19:46:56+00:00","breadcrumb":{"@id":"https:\/\/tst.luckyclub.pt\/wp62\/faqs\/#breadcrumb"},"inLanguage":"pt-PT","potentialAction":[{"@type":"ReadAction","target":["https:\/\/tst.luckyclub.pt\/wp62\/faqs\/"]}]},{"@type":"BreadcrumbList","@id":"https:\/\/tst.luckyclub.pt\/wp62\/faqs\/#breadcrumb","itemListElement":[{"@type":"ListItem","position":1,"name":"In\u00edcio","item":"https:\/\/tst.luckyclub.pt\/wp62\/"},{"@type":"ListItem","position":2,"name":"FAQs"}]},{"@type":"WebSite","@id":"https:\/\/tst.luckyclub.pt\/wp62\/#website","url":"https:\/\/tst.luckyclub.pt\/wp62\/","name":"Lucky Club | Centro canino","description":"Centro canino","publisher":{"@id":"https:\/\/tst.luckyclub.pt\/wp62\/#organization"},"alternateName":"Lucky Club","potentialAction":[{"@type":"SearchAction","target":{"@type":"EntryPoint","urlTemplate":"https:\/\/tst.luckyclub.pt\/wp62\/?s={search_term_string}"},"query-input":"required name=search_term_string"}],"inLanguage":"pt-PT"},{"@type":"Organization","@id":"https:\/\/tst.luckyclub.pt\/wp62\/#organization","name":"Lucky Club","alternateName":"Lucky Club | Centro canino","url":"https:\/\/tst.luckyclub.pt\/wp62\/","logo":{"@type":"ImageObject","inLanguage":"pt-PT","@id":"https:\/\/tst.luckyclub.pt\/wp62\/#\/schema\/logo\/image\/","url":"https:\/\/tst.luckyclub.pt\/wp62\/wp-content\/uploads\/2023\/03\/NOVO_LOGO_Luckyclub_2_WHITE.png","contentUrl":"https:\/\/tst.luckyclub.pt\/wp62\/wp-content\/uploads\/2023\/03\/NOVO_LOGO_Luckyclub_2_WHITE.png","width":3068,"height":3159,"caption":"Lucky Club"},"image":{"@id":"https:\/\/tst.luckyclub.pt\/wp62\/#\/schema\/logo\/image\/"},"sameAs":["https:\/\/www.facebook.com\/centroluckyclub","https:\/\/www.instagram.com\/andre_leite_treino_canino\/","https:\/\/www.instagram.com\/luckystore_andre_leite\/"]}]}},"_links":{"self":[{"href":"https:\/\/tst.luckyclub.pt\/wp62\/wp-json\/wp\/v2\/pages\/120"}],"collection":[{"href":"https:\/\/tst.luckyclub.pt\/wp62\/wp-json\/wp\/v2\/pages"}],"about":[{"href":"https:\/\/tst.luckyclub.pt\/wp62\/wp-json\/wp\/v2\/types\/page"}],"author":[{"embeddable":true,"href":"https:\/\/tst.luckyclub.pt\/wp62\/wp-json\/wp\/v2\/users\/1"}],"replies":[{"embeddable":true,"href":"https:\/\/tst.luckyclub.pt\/wp62\/wp-json\/wp\/v2\/comments?post=120"}],"version-history":[{"count":14,"href":"https:\/\/tst.luckyclub.pt\/wp62\/wp-json\/wp\/v2\/pages\/120\/revisions"}],"predecessor-version":[{"id":347,"href":"https:\/\/tst.luckyclub.pt\/wp62\/wp-json\/wp\/v2\/pages\/120\/revisions\/347"}],"wp:attachment":[{"href":"https:\/\/tst.luckyclub.pt\/wp62\/wp-json\/wp\/v2\/media?parent=120"}],"curies":[{"name":"wp","href":"https:\/\/api.w.org\/{rel}","templated":true}]}}